{"id":8001,"date":"2024-03-07T17:41:09","date_gmt":"2024-03-07T16:41:09","guid":{"rendered":"https:\/\/terrasudadventures.com\/excursions\/"},"modified":"2024-03-20T11:46:18","modified_gmt":"2024-03-20T10:46:18","slug":"excursions","status":"publish","type":"page","link":"https:\/\/terrasudadventures.com\/es\/excursions\/","title":{"rendered":"Excursiones"},"content":{"rendered":"\t\t<div data-elementor-type=\"wp-page\" data-elementor-id=\"8001\" class=\"elementor elementor-8001 elementor-4997\">\n\t\t\t\t<div class=\"elementor-element elementor-element-d778da7 e-flex e-con-boxed e-con e-parent\" data-id=\"d778da7\" data-element_type=\"container\">\n\t\t\t\t\t<div class=\"e-con-inner\">\n\t\t\t\t<div class=\"elementor-element elementor-element-2518eff elementor-widget elementor-widget-wptravelengine-trips\" data-id=\"2518eff\" data-element_type=\"widget\" data-widget_type=\"wptravelengine-trips.default\">\n\t\t\t\t<div class=\"elementor-widget-container\">\n\t\t\t\t\t<div class=\"wp-block-wptravelengine-trips wpte-gblock-wrapper elementor-addon wpte-elementor-widget\">\t<div class=\"category-grid wte-d-flex wpte-trip-list-wrapper\t\t\t\t\t\t    wte-col-3 columns-tablet-2 columns-mobile-1\t\">\n\t<\/div><!-- .category-{$layout} --><\/div>\t\t\t\t<\/div>\n\t\t\t\t<\/div>\n\t\t\t\t\t<\/div>\n\t\t\t\t<\/div>\n\t\t<div class=\"elementor-element elementor-element-03ec24f e-con-full e-flex e-con e-parent\" data-id=\"03ec24f\" data-element_type=\"container\" data-settings=\"{&quot;background_background&quot;:&quot;classic&quot;}\">\n\t\t<div class=\"elementor-element elementor-element-533dd06 e-con-full e-flex e-con e-child\" data-id=\"533dd06\" data-element_type=\"container\">\n\t\t\t\t<div class=\"elementor-element elementor-element-572741f elementor-widget elementor-widget-heading\" data-id=\"572741f\" data-element_type=\"widget\" data-widget_type=\"heading.default\">\n\t\t\t\t<div class=\"elementor-widget-container\">\n\t\t\t\t\t<h2 class=\"elementor-heading-title elementor-size-default\">Tiene alguna pregunta?<\/h2>\t\t\t\t<\/div>\n\t\t\t\t<\/div>\n\t\t\t\t<div class=\"elementor-element elementor-element-5618124 elementor-widget elementor-widget-text-editor\" data-id=\"5618124\" data-element_type=\"widget\" data-widget_type=\"text-editor.default\">\n\t\t\t\t<div class=\"elementor-widget-container\">\n\t\t\t\t\t\t\t\t\t<p>Explorando las sutilezas de su aventura con Terra Sud, nos esforzamos por enriquecer cada momento para ofrecerle una experiencia excepcional.<\/p>\t\t\t\t\t\t\t\t<\/div>\n\t\t\t\t<\/div>\n\t\t\t\t<\/div>\n\t\t<div class=\"elementor-element elementor-element-8276eda e-con-full e-flex e-con e-child\" data-id=\"8276eda\" data-element_type=\"container\">\n\t\t\t\t<div class=\"elementor-element elementor-element-f4927f9 elementor-align-center elementor-widget elementor-widget-button\" data-id=\"f4927f9\" data-element_type=\"widget\" data-widget_type=\"button.default\">\n\t\t\t\t<div class=\"elementor-widget-container\">\n\t\t\t\t\t\t\t\t\t<div class=\"elementor-button-wrapper\">\n\t\t\t\t\t<a class=\"elementor-button elementor-button-link elementor-size-sm\" href=\"#\">\n\t\t\t\t\t\t<span class=\"elementor-button-content-wrapper\">\n\t\t\t\t\t\t<span class=\"elementor-button-icon\">\n\t\t\t\t<svg aria-hidden=\"true\" class=\"e-font-icon-svg e-fas-arrow-circle-right\" viewBox=\"0 0 512 512\" xmlns=\"http:\/\/www.w3.org\/2000\/svg\"><path d=\"M256 8c137 0 248 111 248 248S393 504 256 504 8 393 8 256 119 8 256 8zm-28.9 143.6l75.5 72.4H120c-13.3 0-24 10.7-24 24v16c0 13.3 10.7 24 24 24h182.6l-75.5 72.4c-9.7 9.3-9.9 24.8-.4 34.3l11 10.9c9.4 9.4 24.6 9.4 33.9 0L404.3 273c9.4-9.4 9.4-24.6 0-33.9L271.6 106.3c-9.4-9.4-24.6-9.4-33.9 0l-11 10.9c-9.5 9.6-9.3 25.1.4 34.4z\"><\/path><\/svg>\t\t\t<\/span>\n\t\t\t\t\t\t\t\t\t<span class=\"elementor-button-text\">  CONTACTA CON NOSOTROS<\/span>\n\t\t\t\t\t<\/span>\n\t\t\t\t\t<\/a>\n\t\t\t\t<\/div>\n\t\t\t\t\t\t\t\t<\/div>\n\t\t\t\t<\/div>\n\t\t\t\t<\/div>\n\t\t\t\t<\/div>\n\t\t\t\t<\/div>\n\t\t","protected":false},"excerpt":{"rendered":"<p>Excursion dans le haut Atlas : Une journ\u00e9e chez les Berb\u00e8res du Haut Atlas Excursion et randonn\u00e9e \u00e0 pieds ou \u00e0 dos de mulet, Une journ\u00e9e \u00e0 la d\u00e9couverte de la belle vall\u00e9e d\u2019Oussertek&#8230; Haut Atlas 1 Day &euro;120 Excursion au d\u00e9part de Ouarzazate : Le d\u00e9sert de Chgaga &amp; Palmeraie de Dra\u00e2 Excursion en&#8230;<\/p>\n","protected":false},"author":1,"featured_media":0,"parent":0,"menu_order":0,"comment_status":"closed","ping_status":"closed","template":"","meta":{"footnotes":""},"class_list":["post-8001","page","type-page","status-publish","hentry"],"yoast_head":"<!-- This site is optimized with the Yoast SEO plugin v24.4 - https:\/\/yoast.com\/wordpress\/plugins\/seo\/ -->\n<title>Excursiones - Terra sud Adventures<\/title>\n<meta name=\"robots\" content=\"index, follow, max-snippet:-1, max-image-preview:large, max-video-preview:-1\" \/>\n<link rel=\"canonical\" href=\"https:\/\/terrasudadventures.com\/excursions\/\" \/>\n<meta property=\"og:locale\" content=\"es_ES\" \/>\n<meta property=\"og:type\" content=\"article\" \/>\n<meta property=\"og:title\" content=\"Excursiones - Terra sud Adventures\" \/>\n<meta property=\"og:description\" content=\"Excursion dans le haut Atlas : Une journ\u00e9e chez les Berb\u00e8res du Haut Atlas Excursion et randonn\u00e9e \u00e0 pieds ou \u00e0 dos de mulet, Une journ\u00e9e \u00e0 la d\u00e9couverte de la belle vall\u00e9e d\u2019Oussertek&#8230; Haut Atlas 1 Day &euro;120 Excursion au d\u00e9part de Ouarzazate : Le d\u00e9sert de Chgaga &amp; Palmeraie de Dra\u00e2 Excursion en...\" \/>\n<meta property=\"og:url\" content=\"https:\/\/terrasudadventures.com\/excursions\/\" \/>\n<meta property=\"og:site_name\" content=\"Terra sud Adventures\" \/>\n<meta property=\"article:publisher\" content=\"https:\/\/www.facebook.com\/terrasudadventure\/?locale=fr_FR\" \/>\n<meta property=\"article:modified_time\" content=\"2024-03-20T10:46:18+00:00\" \/>\n<meta property=\"og:image\" content=\"https:\/\/terrasudadventures.com\/wp-content\/uploads\/2024\/03\/randonnee_atlas-800x490.jpg\" \/>\n<meta name=\"twitter:card\" content=\"summary_large_image\" \/>\n<meta name=\"twitter:label1\" content=\"Tiempo de lectura\" \/>\n\t<meta name=\"twitter:data1\" content=\"2 minutos\" \/>\n<script type=\"application\/ld+json\" class=\"yoast-schema-graph\">{\"@context\":\"https:\/\/schema.org\",\"@graph\":[{\"@type\":\"WebPage\",\"@id\":\"https:\/\/terrasudadventures.com\/excursions\/\",\"url\":\"https:\/\/terrasudadventures.com\/excursions\/\",\"name\":\"Excursiones - Terra sud Adventures\",\"isPartOf\":{\"@id\":\"https:\/\/terrasudadventures.com\/#website\"},\"primaryImageOfPage\":{\"@id\":\"https:\/\/terrasudadventures.com\/excursions\/#primaryimage\"},\"image\":{\"@id\":\"https:\/\/terrasudadventures.com\/excursions\/#primaryimage\"},\"thumbnailUrl\":\"https:\/\/terrasudadventures.com\/wp-content\/uploads\/2024\/03\/randonnee_atlas-800x490.jpg\",\"datePublished\":\"2024-03-07T16:41:09+00:00\",\"dateModified\":\"2024-03-20T10:46:18+00:00\",\"breadcrumb\":{\"@id\":\"https:\/\/terrasudadventures.com\/excursions\/#breadcrumb\"},\"inLanguage\":\"es\",\"potentialAction\":[{\"@type\":\"ReadAction\",\"target\":[\"https:\/\/terrasudadventures.com\/excursions\/\"]}]},{\"@type\":\"ImageObject\",\"inLanguage\":\"es\",\"@id\":\"https:\/\/terrasudadventures.com\/excursions\/#primaryimage\",\"url\":\"https:\/\/terrasudadventures.com\/wp-content\/uploads\/2024\/03\/randonnee_atlas-800x490.jpg\",\"contentUrl\":\"https:\/\/terrasudadventures.com\/wp-content\/uploads\/2024\/03\/randonnee_atlas-800x490.jpg\"},{\"@type\":\"BreadcrumbList\",\"@id\":\"https:\/\/terrasudadventures.com\/excursions\/#breadcrumb\",\"itemListElement\":[{\"@type\":\"ListItem\",\"position\":1,\"name\":\"Accueil\",\"item\":\"https:\/\/terrasudadventures.com\/\"},{\"@type\":\"ListItem\",\"position\":2,\"name\":\"Excursiones\"}]},{\"@type\":\"WebSite\",\"@id\":\"https:\/\/terrasudadventures.com\/#website\",\"url\":\"https:\/\/terrasudadventures.com\/\",\"name\":\"Terra sud Adventures\",\"description\":\"\",\"publisher\":{\"@id\":\"https:\/\/terrasudadventures.com\/#organization\"},\"potentialAction\":[{\"@type\":\"SearchAction\",\"target\":{\"@type\":\"EntryPoint\",\"urlTemplate\":\"https:\/\/terrasudadventures.com\/?s={search_term_string}\"},\"query-input\":{\"@type\":\"PropertyValueSpecification\",\"valueRequired\":true,\"valueName\":\"search_term_string\"}}],\"inLanguage\":\"es\"},{\"@type\":\"Organization\",\"@id\":\"https:\/\/terrasudadventures.com\/#organization\",\"name\":\"Terra sud Adventures\",\"url\":\"https:\/\/terrasudadventures.com\/\",\"logo\":{\"@type\":\"ImageObject\",\"inLanguage\":\"es\",\"@id\":\"https:\/\/terrasudadventures.com\/#\/schema\/logo\/image\/\",\"url\":\"https:\/\/www.terrasudadventures.com\/wp-content\/uploads\/2024\/03\/logo-white.png\",\"contentUrl\":\"https:\/\/www.terrasudadventures.com\/wp-content\/uploads\/2024\/03\/logo-white.png\",\"width\":150,\"height\":47,\"caption\":\"Terra sud Adventures\"},\"image\":{\"@id\":\"https:\/\/terrasudadventures.com\/#\/schema\/logo\/image\/\"},\"sameAs\":[\"https:\/\/www.facebook.com\/terrasudadventure\/?locale=fr_FR\",\"https:\/\/www.instagram.com\/terresdaventure\/\"]}]}<\/script>\n<!-- \/ Yoast SEO plugin. -->","yoast_head_json":{"title":"Excursiones - Terra sud Adventures","robots":{"index":"index","follow":"follow","max-snippet":"max-snippet:-1","max-image-preview":"max-image-preview:large","max-video-preview":"max-video-preview:-1"},"canonical":"https:\/\/terrasudadventures.com\/excursions\/","og_locale":"es_ES","og_type":"article","og_title":"Excursiones - Terra sud Adventures","og_description":"Excursion dans le haut Atlas : Une journ\u00e9e chez les Berb\u00e8res du Haut Atlas Excursion et randonn\u00e9e \u00e0 pieds ou \u00e0 dos de mulet, Une journ\u00e9e \u00e0 la d\u00e9couverte de la belle vall\u00e9e d\u2019Oussertek&#8230; Haut Atlas 1 Day &euro;120 Excursion au d\u00e9part de Ouarzazate : Le d\u00e9sert de Chgaga &amp; Palmeraie de Dra\u00e2 Excursion en...","og_url":"https:\/\/terrasudadventures.com\/excursions\/","og_site_name":"Terra sud Adventures","article_publisher":"https:\/\/www.facebook.com\/terrasudadventure\/?locale=fr_FR","article_modified_time":"2024-03-20T10:46:18+00:00","og_image":[{"url":"https:\/\/terrasudadventures.com\/wp-content\/uploads\/2024\/03\/randonnee_atlas-800x490.jpg","type":"","width":"","height":""}],"twitter_card":"summary_large_image","twitter_misc":{"Tiempo de lectura":"2 minutos"},"schema":{"@context":"https:\/\/schema.org","@graph":[{"@type":"WebPage","@id":"https:\/\/terrasudadventures.com\/excursions\/","url":"https:\/\/terrasudadventures.com\/excursions\/","name":"Excursiones - Terra sud Adventures","isPartOf":{"@id":"https:\/\/terrasudadventures.com\/#website"},"primaryImageOfPage":{"@id":"https:\/\/terrasudadventures.com\/excursions\/#primaryimage"},"image":{"@id":"https:\/\/terrasudadventures.com\/excursions\/#primaryimage"},"thumbnailUrl":"https:\/\/terrasudadventures.com\/wp-content\/uploads\/2024\/03\/randonnee_atlas-800x490.jpg","datePublished":"2024-03-07T16:41:09+00:00","dateModified":"2024-03-20T10:46:18+00:00","breadcrumb":{"@id":"https:\/\/terrasudadventures.com\/excursions\/#breadcrumb"},"inLanguage":"es","potentialAction":[{"@type":"ReadAction","target":["https:\/\/terrasudadventures.com\/excursions\/"]}]},{"@type":"ImageObject","inLanguage":"es","@id":"https:\/\/terrasudadventures.com\/excursions\/#primaryimage","url":"https:\/\/terrasudadventures.com\/wp-content\/uploads\/2024\/03\/randonnee_atlas-800x490.jpg","contentUrl":"https:\/\/terrasudadventures.com\/wp-content\/uploads\/2024\/03\/randonnee_atlas-800x490.jpg"},{"@type":"BreadcrumbList","@id":"https:\/\/terrasudadventures.com\/excursions\/#breadcrumb","itemListElement":[{"@type":"ListItem","position":1,"name":"Accueil","item":"https:\/\/terrasudadventures.com\/"},{"@type":"ListItem","position":2,"name":"Excursiones"}]},{"@type":"WebSite","@id":"https:\/\/terrasudadventures.com\/#website","url":"https:\/\/terrasudadventures.com\/","name":"Terra sud Adventures","description":"","publisher":{"@id":"https:\/\/terrasudadventures.com\/#organization"},"potentialAction":[{"@type":"SearchAction","target":{"@type":"EntryPoint","urlTemplate":"https:\/\/terrasudadventures.com\/?s={search_term_string}"},"query-input":{"@type":"PropertyValueSpecification","valueRequired":true,"valueName":"search_term_string"}}],"inLanguage":"es"},{"@type":"Organization","@id":"https:\/\/terrasudadventures.com\/#organization","name":"Terra sud Adventures","url":"https:\/\/terrasudadventures.com\/","logo":{"@type":"ImageObject","inLanguage":"es","@id":"https:\/\/terrasudadventures.com\/#\/schema\/logo\/image\/","url":"https:\/\/www.terrasudadventures.com\/wp-content\/uploads\/2024\/03\/logo-white.png","contentUrl":"https:\/\/www.terrasudadventures.com\/wp-content\/uploads\/2024\/03\/logo-white.png","width":150,"height":47,"caption":"Terra sud Adventures"},"image":{"@id":"https:\/\/terrasudadventures.com\/#\/schema\/logo\/image\/"},"sameAs":["https:\/\/www.facebook.com\/terrasudadventure\/?locale=fr_FR","https:\/\/www.instagram.com\/terresdaventure\/"]}]}},"_links":{"self":[{"href":"https:\/\/terrasudadventures.com\/es\/wp-json\/wp\/v2\/pages\/8001","targetHints":{"allow":["GET"]}}],"collection":[{"href":"https:\/\/terrasudadventures.com\/es\/wp-json\/wp\/v2\/pages"}],"about":[{"href":"https:\/\/terrasudadventures.com\/es\/wp-json\/wp\/v2\/types\/page"}],"author":[{"embeddable":true,"href":"https:\/\/terrasudadventures.com\/es\/wp-json\/wp\/v2\/users\/1"}],"replies":[{"embeddable":true,"href":"https:\/\/terrasudadventures.com\/es\/wp-json\/wp\/v2\/comments?post=8001"}],"version-history":[{"count":7,"href":"https:\/\/terrasudadventures.com\/es\/wp-json\/wp\/v2\/pages\/8001\/revisions"}],"predecessor-version":[{"id":8008,"href":"https:\/\/terrasudadventures.com\/es\/wp-json\/wp\/v2\/pages\/8001\/revisions\/8008"}],"wp:attachment":[{"href":"https:\/\/terrasudadventures.com\/es\/wp-json\/wp\/v2\/media?parent=8001"}],"curies":[{"name":"wp","href":"https:\/\/api.w.org\/{rel}","templated":true}]}}