{"id":8152,"date":"2024-03-20T13:45:07","date_gmt":"2024-03-20T12:45:07","guid":{"rendered":"https:\/\/terrasudadventures.com\/pourquoi-partir-avec-nous\/"},"modified":"2024-03-25T12:39:31","modified_gmt":"2024-03-25T11:39:31","slug":"por-que-partir-con-nosotros","status":"publish","type":"page","link":"https:\/\/terrasudadventures.com\/es\/por-que-partir-con-nosotros\/","title":{"rendered":"Por qu\u00e9 partir con nosotros?"},"content":{"rendered":"\t\t<div data-elementor-type=\"wp-page\" data-elementor-id=\"8152\" class=\"elementor elementor-8152 elementor-8048\">\n\t\t\t\t<div class=\"elementor-element elementor-element-4da8d39 e-flex e-con-boxed e-con e-parent\" data-id=\"4da8d39\" data-element_type=\"container\">\n\t\t\t\t\t<div class=\"e-con-inner\">\n\t\t\t\t<div class=\"elementor-element elementor-element-d5729c8 elementor-icon-list--layout-traditional elementor-list-item-link-full_width elementor-widget elementor-widget-icon-list\" data-id=\"d5729c8\" data-element_type=\"widget\" data-widget_type=\"icon-list.default\">\n\t\t\t\t<div class=\"elementor-widget-container\">\n\t\t\t\t\t\t\t<ul class=\"elementor-icon-list-items\">\n\t\t\t\t\t\t\t<li class=\"elementor-icon-list-item\">\n\t\t\t\t\t\t\t\t\t\t\t<span class=\"elementor-icon-list-icon\">\n\t\t\t\t\t\t\t<svg aria-hidden=\"true\" class=\"e-font-icon-svg e-fas-star\" viewBox=\"0 0 576 512\" xmlns=\"http:\/\/www.w3.org\/2000\/svg\"><path d=\"M259.3 17.8L194 150.2 47.9 171.5c-26.2 3.8-36.7 36.1-17.7 54.6l105.7 103-25 145.5c-4.5 26.3 23.2 46 46.4 33.7L288 439.6l130.7 68.7c23.2 12.2 50.9-7.4 46.4-33.7l-25-145.5 105.7-103c19-18.5 8.5-50.8-17.7-54.6L382 150.2 316.7 17.8c-11.7-23.6-45.6-23.9-57.4 0z\"><\/path><\/svg>\t\t\t\t\t\t<\/span>\n\t\t\t\t\t\t\t\t\t\t<span class=\"elementor-icon-list-text\">Por su seguridad y nuestra fiabilidad. Porque Terra Sud es una agencia de viajes local oficial que organiza viajes respetando plenamente la legislaci\u00f3n marroqu\u00ed.<\/span>\n\t\t\t\t\t\t\t\t\t<\/li>\n\t\t\t\t\t\t\t\t<li class=\"elementor-icon-list-item\">\n\t\t\t\t\t\t\t\t\t\t\t<span class=\"elementor-icon-list-icon\">\n\t\t\t\t\t\t\t<svg aria-hidden=\"true\" class=\"e-font-icon-svg e-fas-star\" viewBox=\"0 0 576 512\" xmlns=\"http:\/\/www.w3.org\/2000\/svg\"><path d=\"M259.3 17.8L194 150.2 47.9 171.5c-26.2 3.8-36.7 36.1-17.7 54.6l105.7 103-25 145.5c-4.5 26.3 23.2 46 46.4 33.7L288 439.6l130.7 68.7c23.2 12.2 50.9-7.4 46.4-33.7l-25-145.5 105.7-103c19-18.5 8.5-50.8-17.7-54.6L382 150.2 316.7 17.8c-11.7-23.6-45.6-23.9-57.4 0z\"><\/path><\/svg>\t\t\t\t\t\t<\/span>\n\t\t\t\t\t\t\t\t\t\t<span class=\"elementor-icon-list-text\">Por los equipos profesionales (gu\u00edas, conductores, cocineros, arrieros, camelleros....etc) y la experiencia adquirida en los \u00faltimos 18 a\u00f1os de actividad....<\/span>\n\t\t\t\t\t\t\t\t\t<\/li>\n\t\t\t\t\t\t\t\t<li class=\"elementor-icon-list-item\">\n\t\t\t\t\t\t\t\t\t\t\t<span class=\"elementor-icon-list-icon\">\n\t\t\t\t\t\t\t<svg aria-hidden=\"true\" class=\"e-font-icon-svg e-fas-star\" viewBox=\"0 0 576 512\" xmlns=\"http:\/\/www.w3.org\/2000\/svg\"><path d=\"M259.3 17.8L194 150.2 47.9 171.5c-26.2 3.8-36.7 36.1-17.7 54.6l105.7 103-25 145.5c-4.5 26.3 23.2 46 46.4 33.7L288 439.6l130.7 68.7c23.2 12.2 50.9-7.4 46.4-33.7l-25-145.5 105.7-103c19-18.5 8.5-50.8-17.7-54.6L382 150.2 316.7 17.8c-11.7-23.6-45.6-23.9-57.4 0z\"><\/path><\/svg>\t\t\t\t\t\t<\/span>\n\t\t\t\t\t\t\t\t\t\t<span class=\"elementor-icon-list-text\">Por nuestra flexibilidad y capacidad de adaptaci\u00f3n a cualquier tipo de actividad o viaje elegido.<\/span>\n\t\t\t\t\t\t\t\t\t<\/li>\n\t\t\t\t\t\t\t\t<li class=\"elementor-icon-list-item\">\n\t\t\t\t\t\t\t\t\t\t\t<span class=\"elementor-icon-list-icon\">\n\t\t\t\t\t\t\t<svg aria-hidden=\"true\" class=\"e-font-icon-svg e-fas-star\" viewBox=\"0 0 576 512\" xmlns=\"http:\/\/www.w3.org\/2000\/svg\"><path d=\"M259.3 17.8L194 150.2 47.9 171.5c-26.2 3.8-36.7 36.1-17.7 54.6l105.7 103-25 145.5c-4.5 26.3 23.2 46 46.4 33.7L288 439.6l130.7 68.7c23.2 12.2 50.9-7.4 46.4-33.7l-25-145.5 105.7-103c19-18.5 8.5-50.8-17.7-54.6L382 150.2 316.7 17.8c-11.7-23.6-45.6-23.9-57.4 0z\"><\/path><\/svg>\t\t\t\t\t\t<\/span>\n\t\t\t\t\t\t\t\t\t\t<span class=\"elementor-icon-list-text\">Para itinerarios bien dise\u00f1ados, alojamientos bien elegidos, medios de transporte c\u00f3modos...<\/span>\n\t\t\t\t\t\t\t\t\t<\/li>\n\t\t\t\t\t\t\t\t<li class=\"elementor-icon-list-item\">\n\t\t\t\t\t\t\t\t\t\t\t<span class=\"elementor-icon-list-icon\">\n\t\t\t\t\t\t\t<svg aria-hidden=\"true\" class=\"e-font-icon-svg e-fas-star\" viewBox=\"0 0 576 512\" xmlns=\"http:\/\/www.w3.org\/2000\/svg\"><path d=\"M259.3 17.8L194 150.2 47.9 171.5c-26.2 3.8-36.7 36.1-17.7 54.6l105.7 103-25 145.5c-4.5 26.3 23.2 46 46.4 33.7L288 439.6l130.7 68.7c23.2 12.2 50.9-7.4 46.4-33.7l-25-145.5 105.7-103c19-18.5 8.5-50.8-17.7-54.6L382 150.2 316.7 17.8c-11.7-23.6-45.6-23.9-57.4 0z\"><\/path><\/svg>\t\t\t\t\t\t<\/span>\n\t\t\t\t\t\t\t\t\t\t<span class=\"elementor-icon-list-text\">Por un precio justo<\/span>\n\t\t\t\t\t\t\t\t\t<\/li>\n\t\t\t\t\t\t\t\t<li class=\"elementor-icon-list-item\">\n\t\t\t\t\t\t\t\t\t\t\t<span class=\"elementor-icon-list-icon\">\n\t\t\t\t\t\t\t<svg aria-hidden=\"true\" class=\"e-font-icon-svg e-fas-star\" viewBox=\"0 0 576 512\" xmlns=\"http:\/\/www.w3.org\/2000\/svg\"><path d=\"M259.3 17.8L194 150.2 47.9 171.5c-26.2 3.8-36.7 36.1-17.7 54.6l105.7 103-25 145.5c-4.5 26.3 23.2 46 46.4 33.7L288 439.6l130.7 68.7c23.2 12.2 50.9-7.4 46.4-33.7l-25-145.5 105.7-103c19-18.5 8.5-50.8-17.7-54.6L382 150.2 316.7 17.8c-11.7-23.6-45.6-23.9-57.4 0z\"><\/path><\/svg>\t\t\t\t\t\t<\/span>\n\t\t\t\t\t\t\t\t\t\t<span class=\"elementor-icon-list-text\">Para un experto en viajes a Marruecos que escuchar\u00e1 sus necesidades.<\/span>\n\t\t\t\t\t\t\t\t\t<\/li>\n\t\t\t\t\t\t\t\t<li class=\"elementor-icon-list-item\">\n\t\t\t\t\t\t\t\t\t\t\t<span class=\"elementor-icon-list-icon\">\n\t\t\t\t\t\t\t<svg aria-hidden=\"true\" class=\"e-font-icon-svg e-fas-star\" viewBox=\"0 0 576 512\" xmlns=\"http:\/\/www.w3.org\/2000\/svg\"><path d=\"M259.3 17.8L194 150.2 47.9 171.5c-26.2 3.8-36.7 36.1-17.7 54.6l105.7 103-25 145.5c-4.5 26.3 23.2 46 46.4 33.7L288 439.6l130.7 68.7c23.2 12.2 50.9-7.4 46.4-33.7l-25-145.5 105.7-103c19-18.5 8.5-50.8-17.7-54.6L382 150.2 316.7 17.8c-11.7-23.6-45.6-23.9-57.4 0z\"><\/path><\/svg>\t\t\t\t\t\t<\/span>\n\t\t\t\t\t\t\t\t\t\t<span class=\"elementor-icon-list-text\">Acompa\u00f1arle desde la creaci\u00f3n hasta la realizaci\u00f3n de su viaje.<\/span>\n\t\t\t\t\t\t\t\t\t<\/li>\n\t\t\t\t\t\t\t\t<li class=\"elementor-icon-list-item\">\n\t\t\t\t\t\t\t\t\t\t\t<span class=\"elementor-icon-list-icon\">\n\t\t\t\t\t\t\t<svg aria-hidden=\"true\" class=\"e-font-icon-svg e-fas-star\" viewBox=\"0 0 576 512\" xmlns=\"http:\/\/www.w3.org\/2000\/svg\"><path d=\"M259.3 17.8L194 150.2 47.9 171.5c-26.2 3.8-36.7 36.1-17.7 54.6l105.7 103-25 145.5c-4.5 26.3 23.2 46 46.4 33.7L288 439.6l130.7 68.7c23.2 12.2 50.9-7.4 46.4-33.7l-25-145.5 105.7-103c19-18.5 8.5-50.8-17.7-54.6L382 150.2 316.7 17.8c-11.7-23.6-45.6-23.9-57.4 0z\"><\/path><\/svg>\t\t\t\t\t\t<\/span>\n\t\t\t\t\t\t\t\t\t\t<span class=\"elementor-icon-list-text\">Para un viaje de aventura 100% personalizado.<\/span>\n\t\t\t\t\t\t\t\t\t<\/li>\n\t\t\t\t\t\t\t\t<li class=\"elementor-icon-list-item\">\n\t\t\t\t\t\t\t\t\t\t\t<span class=\"elementor-icon-list-icon\">\n\t\t\t\t\t\t\t<svg aria-hidden=\"true\" class=\"e-font-icon-svg e-fas-star\" viewBox=\"0 0 576 512\" xmlns=\"http:\/\/www.w3.org\/2000\/svg\"><path d=\"M259.3 17.8L194 150.2 47.9 171.5c-26.2 3.8-36.7 36.1-17.7 54.6l105.7 103-25 145.5c-4.5 26.3 23.2 46 46.4 33.7L288 439.6l130.7 68.7c23.2 12.2 50.9-7.4 46.4-33.7l-25-145.5 105.7-103c19-18.5 8.5-50.8-17.7-54.6L382 150.2 316.7 17.8c-11.7-23.6-45.6-23.9-57.4 0z\"><\/path><\/svg>\t\t\t\t\t\t<\/span>\n\t\t\t\t\t\t\t\t\t\t<span class=\"elementor-icon-list-text\">Tratar directamente con una agencia local.<\/span>\n\t\t\t\t\t\t\t\t\t<\/li>\n\t\t\t\t\t\t\t\t<li class=\"elementor-icon-list-item\">\n\t\t\t\t\t\t\t\t\t\t\t<span class=\"elementor-icon-list-icon\">\n\t\t\t\t\t\t\t<svg aria-hidden=\"true\" class=\"e-font-icon-svg e-fas-star\" viewBox=\"0 0 576 512\" xmlns=\"http:\/\/www.w3.org\/2000\/svg\"><path d=\"M259.3 17.8L194 150.2 47.9 171.5c-26.2 3.8-36.7 36.1-17.7 54.6l105.7 103-25 145.5c-4.5 26.3 23.2 46 46.4 33.7L288 439.6l130.7 68.7c23.2 12.2 50.9-7.4 46.4-33.7l-25-145.5 105.7-103c19-18.5 8.5-50.8-17.7-54.6L382 150.2 316.7 17.8c-11.7-23.6-45.6-23.9-57.4 0z\"><\/path><\/svg>\t\t\t\t\t\t<\/span>\n\t\t\t\t\t\t\t\t\t\t<span class=\"elementor-icon-list-text\">Para un pago seguro.<\/span>\n\t\t\t\t\t\t\t\t\t<\/li>\n\t\t\t\t\t\t<\/ul>\n\t\t\t\t\t\t<\/div>\n\t\t\t\t<\/div>\n\t\t\t\t\t<\/div>\n\t\t\t\t<\/div>\n\t\t\t\t<\/div>\n\t\t","protected":false},"excerpt":{"rendered":"<p>Por su seguridad y nuestra fiabilidad. Porque Terra Sud es una agencia de viajes local oficial que organiza viajes respetando plenamente la legislaci\u00f3n marroqu\u00ed. Por los equipos profesionales (gu\u00edas, conductores, cocineros, arrieros, camelleros&#8230;.etc) y la experiencia adquirida en los \u00faltimos 18 a\u00f1os de actividad&#8230;. Por nuestra flexibilidad y capacidad de adaptaci\u00f3n a cualquier tipo de&#8230;<\/p>\n","protected":false},"author":1,"featured_media":0,"parent":0,"menu_order":0,"comment_status":"closed","ping_status":"closed","template":"","meta":{"footnotes":""},"class_list":["post-8152","page","type-page","status-publish","hentry"],"yoast_head":"<!-- This site is optimized with the Yoast SEO plugin v24.4 - https:\/\/yoast.com\/wordpress\/plugins\/seo\/ -->\n<title>Por qu\u00e9 partir con nosotros? - Terra sud Adventures<\/title>\n<meta name=\"robots\" content=\"index, follow, max-snippet:-1, max-image-preview:large, max-video-preview:-1\" \/>\n<link rel=\"canonical\" href=\"https:\/\/terrasudadventures.com\/pourquoi-partir-avec-nous\/\" \/>\n<meta property=\"og:locale\" content=\"es_ES\" \/>\n<meta property=\"og:type\" content=\"article\" \/>\n<meta property=\"og:title\" content=\"Por qu\u00e9 partir con nosotros? - Terra sud Adventures\" \/>\n<meta property=\"og:description\" content=\"Por su seguridad y nuestra fiabilidad. Porque Terra Sud es una agencia de viajes local oficial que organiza viajes respetando plenamente la legislaci\u00f3n marroqu\u00ed. Por los equipos profesionales (gu\u00edas, conductores, cocineros, arrieros, camelleros&#8230;.etc) y la experiencia adquirida en los \u00faltimos 18 a\u00f1os de actividad&#8230;. Por nuestra flexibilidad y capacidad de adaptaci\u00f3n a cualquier tipo de...\" \/>\n<meta property=\"og:url\" content=\"https:\/\/terrasudadventures.com\/pourquoi-partir-avec-nous\/\" \/>\n<meta property=\"og:site_name\" content=\"Terra sud Adventures\" \/>\n<meta property=\"article:publisher\" content=\"https:\/\/www.facebook.com\/terrasudadventure\/?locale=fr_FR\" \/>\n<meta property=\"article:modified_time\" content=\"2024-03-25T11:39:31+00:00\" \/>\n<meta name=\"twitter:card\" content=\"summary_large_image\" \/>\n<meta name=\"twitter:label1\" content=\"Tiempo de lectura\" \/>\n\t<meta name=\"twitter:data1\" content=\"1 minuto\" \/>\n<script type=\"application\/ld+json\" class=\"yoast-schema-graph\">{\"@context\":\"https:\/\/schema.org\",\"@graph\":[{\"@type\":\"WebPage\",\"@id\":\"https:\/\/terrasudadventures.com\/pourquoi-partir-avec-nous\/\",\"url\":\"https:\/\/terrasudadventures.com\/pourquoi-partir-avec-nous\/\",\"name\":\"Por qu\u00e9 partir con nosotros? - Terra sud Adventures\",\"isPartOf\":{\"@id\":\"https:\/\/terrasudadventures.com\/#website\"},\"datePublished\":\"2024-03-20T12:45:07+00:00\",\"dateModified\":\"2024-03-25T11:39:31+00:00\",\"breadcrumb\":{\"@id\":\"https:\/\/terrasudadventures.com\/pourquoi-partir-avec-nous\/#breadcrumb\"},\"inLanguage\":\"es\",\"potentialAction\":[{\"@type\":\"ReadAction\",\"target\":[\"https:\/\/terrasudadventures.com\/pourquoi-partir-avec-nous\/\"]}]},{\"@type\":\"BreadcrumbList\",\"@id\":\"https:\/\/terrasudadventures.com\/pourquoi-partir-avec-nous\/#breadcrumb\",\"itemListElement\":[{\"@type\":\"ListItem\",\"position\":1,\"name\":\"Accueil\",\"item\":\"https:\/\/terrasudadventures.com\/\"},{\"@type\":\"ListItem\",\"position\":2,\"name\":\"Por qu\u00e9 partir con nosotros?\"}]},{\"@type\":\"WebSite\",\"@id\":\"https:\/\/terrasudadventures.com\/#website\",\"url\":\"https:\/\/terrasudadventures.com\/\",\"name\":\"Terra sud Adventures\",\"description\":\"\",\"publisher\":{\"@id\":\"https:\/\/terrasudadventures.com\/#organization\"},\"potentialAction\":[{\"@type\":\"SearchAction\",\"target\":{\"@type\":\"EntryPoint\",\"urlTemplate\":\"https:\/\/terrasudadventures.com\/?s={search_term_string}\"},\"query-input\":{\"@type\":\"PropertyValueSpecification\",\"valueRequired\":true,\"valueName\":\"search_term_string\"}}],\"inLanguage\":\"es\"},{\"@type\":\"Organization\",\"@id\":\"https:\/\/terrasudadventures.com\/#organization\",\"name\":\"Terra sud Adventures\",\"url\":\"https:\/\/terrasudadventures.com\/\",\"logo\":{\"@type\":\"ImageObject\",\"inLanguage\":\"es\",\"@id\":\"https:\/\/terrasudadventures.com\/#\/schema\/logo\/image\/\",\"url\":\"https:\/\/www.terrasudadventures.com\/wp-content\/uploads\/2024\/03\/logo-white.png\",\"contentUrl\":\"https:\/\/www.terrasudadventures.com\/wp-content\/uploads\/2024\/03\/logo-white.png\",\"width\":150,\"height\":47,\"caption\":\"Terra sud Adventures\"},\"image\":{\"@id\":\"https:\/\/terrasudadventures.com\/#\/schema\/logo\/image\/\"},\"sameAs\":[\"https:\/\/www.facebook.com\/terrasudadventure\/?locale=fr_FR\",\"https:\/\/www.instagram.com\/terresdaventure\/\"]}]}<\/script>\n<!-- \/ Yoast SEO plugin. -->","yoast_head_json":{"title":"Por qu\u00e9 partir con nosotros? - Terra sud Adventures","robots":{"index":"index","follow":"follow","max-snippet":"max-snippet:-1","max-image-preview":"max-image-preview:large","max-video-preview":"max-video-preview:-1"},"canonical":"https:\/\/terrasudadventures.com\/pourquoi-partir-avec-nous\/","og_locale":"es_ES","og_type":"article","og_title":"Por qu\u00e9 partir con nosotros? - Terra sud Adventures","og_description":"Por su seguridad y nuestra fiabilidad. Porque Terra Sud es una agencia de viajes local oficial que organiza viajes respetando plenamente la legislaci\u00f3n marroqu\u00ed. Por los equipos profesionales (gu\u00edas, conductores, cocineros, arrieros, camelleros&#8230;.etc) y la experiencia adquirida en los \u00faltimos 18 a\u00f1os de actividad&#8230;. Por nuestra flexibilidad y capacidad de adaptaci\u00f3n a cualquier tipo de...","og_url":"https:\/\/terrasudadventures.com\/pourquoi-partir-avec-nous\/","og_site_name":"Terra sud Adventures","article_publisher":"https:\/\/www.facebook.com\/terrasudadventure\/?locale=fr_FR","article_modified_time":"2024-03-25T11:39:31+00:00","twitter_card":"summary_large_image","twitter_misc":{"Tiempo de lectura":"1 minuto"},"schema":{"@context":"https:\/\/schema.org","@graph":[{"@type":"WebPage","@id":"https:\/\/terrasudadventures.com\/pourquoi-partir-avec-nous\/","url":"https:\/\/terrasudadventures.com\/pourquoi-partir-avec-nous\/","name":"Por qu\u00e9 partir con nosotros? - Terra sud Adventures","isPartOf":{"@id":"https:\/\/terrasudadventures.com\/#website"},"datePublished":"2024-03-20T12:45:07+00:00","dateModified":"2024-03-25T11:39:31+00:00","breadcrumb":{"@id":"https:\/\/terrasudadventures.com\/pourquoi-partir-avec-nous\/#breadcrumb"},"inLanguage":"es","potentialAction":[{"@type":"ReadAction","target":["https:\/\/terrasudadventures.com\/pourquoi-partir-avec-nous\/"]}]},{"@type":"BreadcrumbList","@id":"https:\/\/terrasudadventures.com\/pourquoi-partir-avec-nous\/#breadcrumb","itemListElement":[{"@type":"ListItem","position":1,"name":"Accueil","item":"https:\/\/terrasudadventures.com\/"},{"@type":"ListItem","position":2,"name":"Por qu\u00e9 partir con nosotros?"}]},{"@type":"WebSite","@id":"https:\/\/terrasudadventures.com\/#website","url":"https:\/\/terrasudadventures.com\/","name":"Terra sud Adventures","description":"","publisher":{"@id":"https:\/\/terrasudadventures.com\/#organization"},"potentialAction":[{"@type":"SearchAction","target":{"@type":"EntryPoint","urlTemplate":"https:\/\/terrasudadventures.com\/?s={search_term_string}"},"query-input":{"@type":"PropertyValueSpecification","valueRequired":true,"valueName":"search_term_string"}}],"inLanguage":"es"},{"@type":"Organization","@id":"https:\/\/terrasudadventures.com\/#organization","name":"Terra sud Adventures","url":"https:\/\/terrasudadventures.com\/","logo":{"@type":"ImageObject","inLanguage":"es","@id":"https:\/\/terrasudadventures.com\/#\/schema\/logo\/image\/","url":"https:\/\/www.terrasudadventures.com\/wp-content\/uploads\/2024\/03\/logo-white.png","contentUrl":"https:\/\/www.terrasudadventures.com\/wp-content\/uploads\/2024\/03\/logo-white.png","width":150,"height":47,"caption":"Terra sud Adventures"},"image":{"@id":"https:\/\/terrasudadventures.com\/#\/schema\/logo\/image\/"},"sameAs":["https:\/\/www.facebook.com\/terrasudadventure\/?locale=fr_FR","https:\/\/www.instagram.com\/terresdaventure\/"]}]}},"_links":{"self":[{"href":"https:\/\/terrasudadventures.com\/es\/wp-json\/wp\/v2\/pages\/8152","targetHints":{"allow":["GET"]}}],"collection":[{"href":"https:\/\/terrasudadventures.com\/es\/wp-json\/wp\/v2\/pages"}],"about":[{"href":"https:\/\/terrasudadventures.com\/es\/wp-json\/wp\/v2\/types\/page"}],"author":[{"embeddable":true,"href":"https:\/\/terrasudadventures.com\/es\/wp-json\/wp\/v2\/users\/1"}],"replies":[{"embeddable":true,"href":"https:\/\/terrasudadventures.com\/es\/wp-json\/wp\/v2\/comments?post=8152"}],"version-history":[{"count":5,"href":"https:\/\/terrasudadventures.com\/es\/wp-json\/wp\/v2\/pages\/8152\/revisions"}],"predecessor-version":[{"id":8588,"href":"https:\/\/terrasudadventures.com\/es\/wp-json\/wp\/v2\/pages\/8152\/revisions\/8588"}],"wp:attachment":[{"href":"https:\/\/terrasudadventures.com\/es\/wp-json\/wp\/v2\/media?parent=8152"}],"curies":[{"name":"wp","href":"https:\/\/api.w.org\/{rel}","templated":true}]}}