{"id":8171,"date":"2024-03-20T13:45:54","date_gmt":"2024-03-20T12:45:54","guid":{"rendered":"https:\/\/terrasudadventures.com\/mention-legale\/"},"modified":"2025-02-18T11:26:00","modified_gmt":"2025-02-18T10:26:00","slug":"menciones-legales","status":"publish","type":"page","link":"https:\/\/terrasudadventures.com\/es\/menciones-legales\/","title":{"rendered":"Menciones legales"},"content":{"rendered":"<style>\/*! elementor - v3.19.0 - 28-02-2024 *\/<br \/>\n.elementor-heading-title{padding:0;margin:0;line-height:1}.elementor-widget-heading .elementor-heading-title[class*=elementor-size-]>a{color:inherit;font-size:inherit;line-height:inherit}.elementor-widget-heading .elementor-heading-title.elementor-size-small{font-size:15px}.elementor-widget-heading .elementor-heading-title.elementor-size-medium{font-size:19px}.elementor-widget-heading .elementor-heading-title.elementor-size-large{font-size:29px}.elementor-widget-heading .elementor-heading-title.elementor-size-xl{font-size:39px}.elementor-widget-heading .elementor-heading-title.elementor-size-xxl{font-size:59px}<\/style>\n<h2>Condiciones de uso<\/h2>\n<h4>1.1 Direcci\u00f3n y datos de contacto<\/h4>\n<p>Terra Sud Services &#8211; Sarl es una agencia de viajes local con sede en Marrakech,<\/p>\n<p>Imm Soufiane N\u00b0 1, Appt N\u00b0 10, Av Yacoub Elmansour &#8211; Gu\u00e9liz.<\/p>\n<p>Compa\u00f1\u00eda de seguros: AXA Assurance Maroc &#8211; INSSIJAM Yacoub El Mansour &#8211; Gueliz<\/p>\n<p>P\u00f3liza N\u00b0 : 3332014300798<\/p>\n<p>R.C : 61805<\/p>\n<p>ICE : 001629116000070<\/p>\n<p>Licencia de agencia de viajes N\u00b0 : ODV-10945<\/p>\n<p>Email : terrasudmaroc@gmail.com<\/p>\n<p>Portable : 00 212 661 34 80 05<\/p>\n<p>Portable : 00 212 668 76 51 35<\/p>\n<h4>1.2 Derechos de autor<\/h4>\n<p>Todos los elementos del sitio: www.terrasudadventures.com (marcas, nombre de dominio, textos, gr\u00e1ficos, logotipos, v\u00eddeos y fotos) son propiedad de Terra Sud Services. Toda reproducci\u00f3n est\u00e1 prohibida.<\/p>\n<h4>1.3 Cr\u00e9ditos del sitio web<\/h4>\n<p>Desarrollo: Terra Sud Services<br \/>\nDise\u00f1o web: Eureka cr\u00e9ation Marrakech<br \/>\nFotos : Charles Young, Ivy Gordon, Craig McClure, Sherrie Auhll, Cheri Anderson,Patrick Wink, Omar Idouissaaden, Essaid Outergha, Benahmed Mohamed, Zaid Laataoui, Moustaghfer Mohamed y todos los dem\u00e1s amigos que contribuyeron con fotos, ideas&#8230; !<\/p>\n","protected":false},"excerpt":{"rendered":"<p>Condiciones de uso 1.1 Direcci\u00f3n y datos de contacto Terra Sud Services &#8211; Sarl es una agencia de viajes local con sede en Marrakech, Imm Soufiane N\u00b0 1, Appt N\u00b0 10, Av Yacoub Elmansour &#8211; Gu\u00e9liz. Compa\u00f1\u00eda de seguros: AXA Assurance Maroc &#8211; INSSIJAM Yacoub El Mansour &#8211; Gueliz P\u00f3liza N\u00b0 : 3332014300798 R.C :&#8230;<\/p>\n","protected":false},"author":1,"featured_media":0,"parent":0,"menu_order":0,"comment_status":"closed","ping_status":"closed","template":"","meta":{"footnotes":""},"class_list":["post-8171","page","type-page","status-publish","hentry","page--item"],"yoast_head":"<!-- This site is optimized with the Yoast SEO plugin v24.4 - https:\/\/yoast.com\/wordpress\/plugins\/seo\/ -->\n<title>Menciones legales - Terra sud Adventures<\/title>\n<meta name=\"robots\" content=\"index, follow, max-snippet:-1, max-image-preview:large, max-video-preview:-1\" \/>\n<link rel=\"canonical\" href=\"https:\/\/terrasudadventures.com\/es\/menciones-legales\/\" \/>\n<meta property=\"og:locale\" content=\"es_ES\" \/>\n<meta property=\"og:type\" content=\"article\" \/>\n<meta property=\"og:title\" content=\"Menciones legales - Terra sud Adventures\" \/>\n<meta property=\"og:description\" content=\"Condiciones de uso 1.1 Direcci\u00f3n y datos de contacto Terra Sud Services &#8211; Sarl es una agencia de viajes local con sede en Marrakech, Imm Soufiane N\u00b0 1, Appt N\u00b0 10, Av Yacoub Elmansour &#8211; Gu\u00e9liz. Compa\u00f1\u00eda de seguros: AXA Assurance Maroc &#8211; INSSIJAM Yacoub El Mansour &#8211; Gueliz P\u00f3liza N\u00b0 : 3332014300798 R.C :...\" \/>\n<meta property=\"og:url\" content=\"https:\/\/terrasudadventures.com\/es\/menciones-legales\/\" \/>\n<meta property=\"og:site_name\" content=\"Terra sud Adventures\" \/>\n<meta property=\"article:publisher\" content=\"https:\/\/www.facebook.com\/terrasudadventure\/?locale=fr_FR\" \/>\n<meta property=\"article:modified_time\" content=\"2025-02-18T10:26:00+00:00\" \/>\n<meta name=\"twitter:card\" content=\"summary_large_image\" \/>\n<meta name=\"twitter:label1\" content=\"Tiempo de lectura\" \/>\n\t<meta name=\"twitter:data1\" content=\"1 minuto\" \/>\n<script type=\"application\/ld+json\" class=\"yoast-schema-graph\">{\"@context\":\"https:\/\/schema.org\",\"@graph\":[{\"@type\":\"WebPage\",\"@id\":\"https:\/\/terrasudadventures.com\/es\/menciones-legales\/\",\"url\":\"https:\/\/terrasudadventures.com\/es\/menciones-legales\/\",\"name\":\"Menciones legales - Terra sud Adventures\",\"isPartOf\":{\"@id\":\"https:\/\/terrasudadventures.com\/#website\"},\"datePublished\":\"2024-03-20T12:45:54+00:00\",\"dateModified\":\"2025-02-18T10:26:00+00:00\",\"breadcrumb\":{\"@id\":\"https:\/\/terrasudadventures.com\/es\/menciones-legales\/#breadcrumb\"},\"inLanguage\":\"es\",\"potentialAction\":[{\"@type\":\"ReadAction\",\"target\":[\"https:\/\/terrasudadventures.com\/es\/menciones-legales\/\"]}]},{\"@type\":\"BreadcrumbList\",\"@id\":\"https:\/\/terrasudadventures.com\/es\/menciones-legales\/#breadcrumb\",\"itemListElement\":[{\"@type\":\"ListItem\",\"position\":1,\"name\":\"Accueil\",\"item\":\"https:\/\/terrasudadventures.com\/\"},{\"@type\":\"ListItem\",\"position\":2,\"name\":\"Menciones legales\"}]},{\"@type\":\"WebSite\",\"@id\":\"https:\/\/terrasudadventures.com\/#website\",\"url\":\"https:\/\/terrasudadventures.com\/\",\"name\":\"Terra sud Adventures\",\"description\":\"\",\"publisher\":{\"@id\":\"https:\/\/terrasudadventures.com\/#organization\"},\"potentialAction\":[{\"@type\":\"SearchAction\",\"target\":{\"@type\":\"EntryPoint\",\"urlTemplate\":\"https:\/\/terrasudadventures.com\/?s={search_term_string}\"},\"query-input\":{\"@type\":\"PropertyValueSpecification\",\"valueRequired\":true,\"valueName\":\"search_term_string\"}}],\"inLanguage\":\"es\"},{\"@type\":\"Organization\",\"@id\":\"https:\/\/terrasudadventures.com\/#organization\",\"name\":\"Terra sud Adventures\",\"url\":\"https:\/\/terrasudadventures.com\/\",\"logo\":{\"@type\":\"ImageObject\",\"inLanguage\":\"es\",\"@id\":\"https:\/\/terrasudadventures.com\/#\/schema\/logo\/image\/\",\"url\":\"https:\/\/www.terrasudadventures.com\/wp-content\/uploads\/2024\/03\/logo-white.png\",\"contentUrl\":\"https:\/\/www.terrasudadventures.com\/wp-content\/uploads\/2024\/03\/logo-white.png\",\"width\":150,\"height\":47,\"caption\":\"Terra sud Adventures\"},\"image\":{\"@id\":\"https:\/\/terrasudadventures.com\/#\/schema\/logo\/image\/\"},\"sameAs\":[\"https:\/\/www.facebook.com\/terrasudadventure\/?locale=fr_FR\",\"https:\/\/www.instagram.com\/terresdaventure\/\"]}]}<\/script>\n<!-- \/ Yoast SEO plugin. -->","yoast_head_json":{"title":"Menciones legales - Terra sud Adventures","robots":{"index":"index","follow":"follow","max-snippet":"max-snippet:-1","max-image-preview":"max-image-preview:large","max-video-preview":"max-video-preview:-1"},"canonical":"https:\/\/terrasudadventures.com\/es\/menciones-legales\/","og_locale":"es_ES","og_type":"article","og_title":"Menciones legales - Terra sud Adventures","og_description":"Condiciones de uso 1.1 Direcci\u00f3n y datos de contacto Terra Sud Services &#8211; Sarl es una agencia de viajes local con sede en Marrakech, Imm Soufiane N\u00b0 1, Appt N\u00b0 10, Av Yacoub Elmansour &#8211; Gu\u00e9liz. Compa\u00f1\u00eda de seguros: AXA Assurance Maroc &#8211; INSSIJAM Yacoub El Mansour &#8211; Gueliz P\u00f3liza N\u00b0 : 3332014300798 R.C :...","og_url":"https:\/\/terrasudadventures.com\/es\/menciones-legales\/","og_site_name":"Terra sud Adventures","article_publisher":"https:\/\/www.facebook.com\/terrasudadventure\/?locale=fr_FR","article_modified_time":"2025-02-18T10:26:00+00:00","twitter_card":"summary_large_image","twitter_misc":{"Tiempo de lectura":"1 minuto"},"schema":{"@context":"https:\/\/schema.org","@graph":[{"@type":"WebPage","@id":"https:\/\/terrasudadventures.com\/es\/menciones-legales\/","url":"https:\/\/terrasudadventures.com\/es\/menciones-legales\/","name":"Menciones legales - Terra sud Adventures","isPartOf":{"@id":"https:\/\/terrasudadventures.com\/#website"},"datePublished":"2024-03-20T12:45:54+00:00","dateModified":"2025-02-18T10:26:00+00:00","breadcrumb":{"@id":"https:\/\/terrasudadventures.com\/es\/menciones-legales\/#breadcrumb"},"inLanguage":"es","potentialAction":[{"@type":"ReadAction","target":["https:\/\/terrasudadventures.com\/es\/menciones-legales\/"]}]},{"@type":"BreadcrumbList","@id":"https:\/\/terrasudadventures.com\/es\/menciones-legales\/#breadcrumb","itemListElement":[{"@type":"ListItem","position":1,"name":"Accueil","item":"https:\/\/terrasudadventures.com\/"},{"@type":"ListItem","position":2,"name":"Menciones legales"}]},{"@type":"WebSite","@id":"https:\/\/terrasudadventures.com\/#website","url":"https:\/\/terrasudadventures.com\/","name":"Terra sud Adventures","description":"","publisher":{"@id":"https:\/\/terrasudadventures.com\/#organization"},"potentialAction":[{"@type":"SearchAction","target":{"@type":"EntryPoint","urlTemplate":"https:\/\/terrasudadventures.com\/?s={search_term_string}"},"query-input":{"@type":"PropertyValueSpecification","valueRequired":true,"valueName":"search_term_string"}}],"inLanguage":"es"},{"@type":"Organization","@id":"https:\/\/terrasudadventures.com\/#organization","name":"Terra sud Adventures","url":"https:\/\/terrasudadventures.com\/","logo":{"@type":"ImageObject","inLanguage":"es","@id":"https:\/\/terrasudadventures.com\/#\/schema\/logo\/image\/","url":"https:\/\/www.terrasudadventures.com\/wp-content\/uploads\/2024\/03\/logo-white.png","contentUrl":"https:\/\/www.terrasudadventures.com\/wp-content\/uploads\/2024\/03\/logo-white.png","width":150,"height":47,"caption":"Terra sud Adventures"},"image":{"@id":"https:\/\/terrasudadventures.com\/#\/schema\/logo\/image\/"},"sameAs":["https:\/\/www.facebook.com\/terrasudadventure\/?locale=fr_FR","https:\/\/www.instagram.com\/terresdaventure\/"]}]}},"_links":{"self":[{"href":"https:\/\/terrasudadventures.com\/es\/wp-json\/wp\/v2\/pages\/8171","targetHints":{"allow":["GET"]}}],"collection":[{"href":"https:\/\/terrasudadventures.com\/es\/wp-json\/wp\/v2\/pages"}],"about":[{"href":"https:\/\/terrasudadventures.com\/es\/wp-json\/wp\/v2\/types\/page"}],"author":[{"embeddable":true,"href":"https:\/\/terrasudadventures.com\/es\/wp-json\/wp\/v2\/users\/1"}],"replies":[{"embeddable":true,"href":"https:\/\/terrasudadventures.com\/es\/wp-json\/wp\/v2\/comments?post=8171"}],"version-history":[{"count":9,"href":"https:\/\/terrasudadventures.com\/es\/wp-json\/wp\/v2\/pages\/8171\/revisions"}],"predecessor-version":[{"id":9322,"href":"https:\/\/terrasudadventures.com\/es\/wp-json\/wp\/v2\/pages\/8171\/revisions\/9322"}],"wp:attachment":[{"href":"https:\/\/terrasudadventures.com\/es\/wp-json\/wp\/v2\/media?parent=8171"}],"curies":[{"name":"wp","href":"https:\/\/api.w.org\/{rel}","templated":true}]}}