{"id":8228,"date":"2024-03-20T13:46:26","date_gmt":"2024-03-20T12:46:26","guid":{"rendered":"https:\/\/terrasudadventures.com\/conditions-of-sale-and-cancellations\/"},"modified":"2024-03-21T12:19:58","modified_gmt":"2024-03-21T11:19:58","slug":"condiciones-de-venta-y-anulacion","status":"publish","type":"page","link":"https:\/\/terrasudadventures.com\/es\/condiciones-de-venta-y-anulacion\/","title":{"rendered":"Condiciones de venta y anulaci\u00f3n"},"content":{"rendered":"<style>\/*! elementor - v3.19.0 - 28-02-2024 *\/\n.elementor-heading-title{padding:0;margin:0;line-height:1}.elementor-widget-heading .elementor-heading-title[class*=elementor-size-]>a{color:inherit;font-size:inherit;line-height:inherit}.elementor-widget-heading .elementor-heading-title.elementor-size-small{font-size:15px}.elementor-widget-heading .elementor-heading-title.elementor-size-medium{font-size:19px}.elementor-widget-heading .elementor-heading-title.elementor-size-large{font-size:29px}.elementor-widget-heading .elementor-heading-title.elementor-size-xl{font-size:39px}.elementor-widget-heading .elementor-heading-title.elementor-size-xxl{font-size:59px}<\/style>\n<h2>Condiciones generales<\/h2>\n<h3>1- inscripci\u00f3n y pago :<\/h3>\n<p>A &#8211; Inscripci\u00f3n: para que se considere definitiva, deber\u00e1 abonarse un anticipo del 30% del coste total del viaje mediante transferencia bancaria &#8211; los gastos de transferencia corren a cargo del cliente.<\/p>\n<p>B &#8211; Pago: el saldo deber\u00e1 abonarse a m\u00e1s tardar 30 d\u00edas antes de la salida. Para las reservas efectuadas con menos de un mes de antelaci\u00f3n a la salida, el pago deber\u00e1 realizarse en su totalidad en un \u00fanico plazo &#8211; los gastos de transferencia bancaria correr\u00e1n a cargo del cliente.<\/p>\n<h3>2 &#8211; informaci\u00f3n de viaje :<\/h3>\n<p>Los ciudadanos de Europa Occidental y Norteam\u00e9rica no necesitan visado para entrar en Marruecos, pero s\u00ed un pasaporte v\u00e1lido. No nos hacemos responsables de las consecuencias del incumplimiento de la normativa aduanera por parte del cliente.<\/p>\n<h3>3 &#8211; Gastos de anulaci\u00f3n :<\/h3>\n<p>Si el cliente se ve obligado a anular su viaje, deber\u00e1 informarnos por correo electr\u00f3nico. La fecha de recepci\u00f3n de este correo electr\u00f3nico se tomar\u00e1 como fecha de cancelaci\u00f3n a efectos de facturaci\u00f3n de los gastos de cancelaci\u00f3n.<\/p>\n<p>+ M\u00e1s de 3 meses antes de la salida &#8230;&#8230;&#8230;&#8230;&#8230;&#8230;. Se retendr\u00e1 el 30% del coste total del viaje.<\/p>\n<p>+ De 90 d\u00edas a 61 d\u00edas antes de la salida&#8230;&#8230;&#8230;&#8230;.. Se retendr\u00e1 el 50% del importe total.<\/p>\n<p>+ De 60 d\u00edas a 31 d\u00edas antes de la salida &#8230;&#8230;&#8230;&#8230;&#8230;. Se retendr\u00e1 el 70% del importe total.<\/p>\n<p>+ Desde 30 d\u00edas antes de la salida &#8230;&#8230;&#8230;&#8230;&#8230;&#8230; Se retendr\u00e1 el 100% del importe total.<\/p>\n<h3>4 &#8211; Seguros :<\/h3>\n<p>\t\tLe aconsejamos que contrate un seguro multirriesgo que cubra todos los riesgos de su viaje:<br \/>\n<b>Repatriaci\u00f3n, anulaci\u00f3n, p\u00e9rdida de equipaje, accidentes, cancelaci\u00f3n<\/b>&#8230; etc.\t\t<\/p>\n<h3>5 &#8211; Responsabilidad :<\/h3>\n<p>No nos hacemos responsables de las consecuencias de los siguientes hechos:<\/p>\n<p>&#8211; No presentaci\u00f3n de documentos caducados o insuficientemente v\u00e1lidos (pasaporte) en aduana o facturaci\u00f3n.<\/p>\n<p>&#8211; Incidentes o sucesos imprevisibles e insalvables causados por un tercero ajeno al viaje, como inclemencias meteorol\u00f3gicas, retrasos de aviones, aver\u00edas, p\u00e9rdida o robo de equipaje u otras pertenencias. Los retrasos causados por cualquiera de los acontecimientos mencionados, as\u00ed como los cambios de itinerario resultantes, no podr\u00e1n dar lugar a indemnizaci\u00f3n alguna, especialmente en caso de modificaci\u00f3n de la duraci\u00f3n del programa inicialmente previsto. Cualquier gasto adicional derivado de la perturbaci\u00f3n (transporte, hotel, etc.) correr\u00e1 a cargo del cliente.<\/p>\n<p>&#8211; Cancelaci\u00f3n por circunstancias ajenas a nuestra voluntad, o por razones de seguridad del cliente y\/o por instrucciones de una autoridad administrativa.<\/p>\n<h3>6 &#8211; Varios :<\/h3>\n<p>&#8211; Las fotos que figuran en el sitio no son contractuales.<\/p>\n<p>&#8211; Toda reclamaci\u00f3n relativa a las prestaciones de Terra Sud deber\u00e1 enviarse a la agencia por carta certificada, acompa\u00f1ada de los justificantes, en un plazo de 20 d\u00edas a partir de la finalizaci\u00f3n de las prestaciones.<\/p>\n","protected":false},"excerpt":{"rendered":"<p>Condiciones generales 1- inscripci\u00f3n y pago : A &#8211; Inscripci\u00f3n: para que se considere definitiva, deber\u00e1 abonarse un anticipo del 30% del coste total del viaje mediante transferencia bancaria &#8211; los gastos de transferencia corren a cargo del cliente. B &#8211; Pago: el saldo deber\u00e1 abonarse a m\u00e1s tardar 30 d\u00edas antes de la salida&#8230;.<\/p>\n","protected":false},"author":1,"featured_media":0,"parent":0,"menu_order":0,"comment_status":"closed","ping_status":"closed","template":"","meta":{"footnotes":""},"class_list":["post-8228","page","type-page","status-publish","hentry","page--item"],"yoast_head":"<!-- This site is optimized with the Yoast SEO plugin v24.4 - https:\/\/yoast.com\/wordpress\/plugins\/seo\/ -->\n<title>Condiciones de venta y anulaci\u00f3n - Terra sud Adventures<\/title>\n<meta name=\"robots\" content=\"index, follow, max-snippet:-1, max-image-preview:large, max-video-preview:-1\" \/>\n<link rel=\"canonical\" href=\"https:\/\/terrasudadventures.com\/conditions-de-vente-et-annulations\/\" \/>\n<meta property=\"og:locale\" content=\"es_ES\" \/>\n<meta property=\"og:type\" content=\"article\" \/>\n<meta property=\"og:title\" content=\"Condiciones de venta y anulaci\u00f3n - Terra sud Adventures\" \/>\n<meta property=\"og:description\" content=\"Condiciones generales 1- inscripci\u00f3n y pago : A &#8211; Inscripci\u00f3n: para que se considere definitiva, deber\u00e1 abonarse un anticipo del 30% del coste total del viaje mediante transferencia bancaria &#8211; los gastos de transferencia corren a cargo del cliente. B &#8211; Pago: el saldo deber\u00e1 abonarse a m\u00e1s tardar 30 d\u00edas antes de la salida....\" \/>\n<meta property=\"og:url\" content=\"https:\/\/terrasudadventures.com\/conditions-de-vente-et-annulations\/\" \/>\n<meta property=\"og:site_name\" content=\"Terra sud Adventures\" \/>\n<meta property=\"article:publisher\" content=\"https:\/\/www.facebook.com\/terrasudadventure\/?locale=fr_FR\" \/>\n<meta property=\"article:modified_time\" content=\"2024-03-21T11:19:58+00:00\" \/>\n<meta name=\"twitter:card\" content=\"summary_large_image\" \/>\n<meta name=\"twitter:label1\" content=\"Tiempo de lectura\" \/>\n\t<meta name=\"twitter:data1\" content=\"2 minutos\" \/>\n<script type=\"application\/ld+json\" class=\"yoast-schema-graph\">{\"@context\":\"https:\/\/schema.org\",\"@graph\":[{\"@type\":\"WebPage\",\"@id\":\"https:\/\/terrasudadventures.com\/conditions-de-vente-et-annulations\/\",\"url\":\"https:\/\/terrasudadventures.com\/conditions-de-vente-et-annulations\/\",\"name\":\"Condiciones de venta y anulaci\u00f3n - Terra sud Adventures\",\"isPartOf\":{\"@id\":\"https:\/\/terrasudadventures.com\/#website\"},\"datePublished\":\"2024-03-20T12:46:26+00:00\",\"dateModified\":\"2024-03-21T11:19:58+00:00\",\"breadcrumb\":{\"@id\":\"https:\/\/terrasudadventures.com\/conditions-de-vente-et-annulations\/#breadcrumb\"},\"inLanguage\":\"es\",\"potentialAction\":[{\"@type\":\"ReadAction\",\"target\":[\"https:\/\/terrasudadventures.com\/conditions-de-vente-et-annulations\/\"]}]},{\"@type\":\"BreadcrumbList\",\"@id\":\"https:\/\/terrasudadventures.com\/conditions-de-vente-et-annulations\/#breadcrumb\",\"itemListElement\":[{\"@type\":\"ListItem\",\"position\":1,\"name\":\"Accueil\",\"item\":\"https:\/\/terrasudadventures.com\/\"},{\"@type\":\"ListItem\",\"position\":2,\"name\":\"Condiciones de venta y anulaci\u00f3n\"}]},{\"@type\":\"WebSite\",\"@id\":\"https:\/\/terrasudadventures.com\/#website\",\"url\":\"https:\/\/terrasudadventures.com\/\",\"name\":\"Terra sud Adventures\",\"description\":\"\",\"publisher\":{\"@id\":\"https:\/\/terrasudadventures.com\/#organization\"},\"potentialAction\":[{\"@type\":\"SearchAction\",\"target\":{\"@type\":\"EntryPoint\",\"urlTemplate\":\"https:\/\/terrasudadventures.com\/?s={search_term_string}\"},\"query-input\":{\"@type\":\"PropertyValueSpecification\",\"valueRequired\":true,\"valueName\":\"search_term_string\"}}],\"inLanguage\":\"es\"},{\"@type\":\"Organization\",\"@id\":\"https:\/\/terrasudadventures.com\/#organization\",\"name\":\"Terra sud Adventures\",\"url\":\"https:\/\/terrasudadventures.com\/\",\"logo\":{\"@type\":\"ImageObject\",\"inLanguage\":\"es\",\"@id\":\"https:\/\/terrasudadventures.com\/#\/schema\/logo\/image\/\",\"url\":\"https:\/\/www.terrasudadventures.com\/wp-content\/uploads\/2024\/03\/logo-white.png\",\"contentUrl\":\"https:\/\/www.terrasudadventures.com\/wp-content\/uploads\/2024\/03\/logo-white.png\",\"width\":150,\"height\":47,\"caption\":\"Terra sud Adventures\"},\"image\":{\"@id\":\"https:\/\/terrasudadventures.com\/#\/schema\/logo\/image\/\"},\"sameAs\":[\"https:\/\/www.facebook.com\/terrasudadventure\/?locale=fr_FR\",\"https:\/\/www.instagram.com\/terresdaventure\/\"]}]}<\/script>\n<!-- \/ Yoast SEO plugin. -->","yoast_head_json":{"title":"Condiciones de venta y anulaci\u00f3n - Terra sud Adventures","robots":{"index":"index","follow":"follow","max-snippet":"max-snippet:-1","max-image-preview":"max-image-preview:large","max-video-preview":"max-video-preview:-1"},"canonical":"https:\/\/terrasudadventures.com\/conditions-de-vente-et-annulations\/","og_locale":"es_ES","og_type":"article","og_title":"Condiciones de venta y anulaci\u00f3n - Terra sud Adventures","og_description":"Condiciones generales 1- inscripci\u00f3n y pago : A &#8211; Inscripci\u00f3n: para que se considere definitiva, deber\u00e1 abonarse un anticipo del 30% del coste total del viaje mediante transferencia bancaria &#8211; los gastos de transferencia corren a cargo del cliente. B &#8211; Pago: el saldo deber\u00e1 abonarse a m\u00e1s tardar 30 d\u00edas antes de la salida....","og_url":"https:\/\/terrasudadventures.com\/conditions-de-vente-et-annulations\/","og_site_name":"Terra sud Adventures","article_publisher":"https:\/\/www.facebook.com\/terrasudadventure\/?locale=fr_FR","article_modified_time":"2024-03-21T11:19:58+00:00","twitter_card":"summary_large_image","twitter_misc":{"Tiempo de lectura":"2 minutos"},"schema":{"@context":"https:\/\/schema.org","@graph":[{"@type":"WebPage","@id":"https:\/\/terrasudadventures.com\/conditions-de-vente-et-annulations\/","url":"https:\/\/terrasudadventures.com\/conditions-de-vente-et-annulations\/","name":"Condiciones de venta y anulaci\u00f3n - Terra sud Adventures","isPartOf":{"@id":"https:\/\/terrasudadventures.com\/#website"},"datePublished":"2024-03-20T12:46:26+00:00","dateModified":"2024-03-21T11:19:58+00:00","breadcrumb":{"@id":"https:\/\/terrasudadventures.com\/conditions-de-vente-et-annulations\/#breadcrumb"},"inLanguage":"es","potentialAction":[{"@type":"ReadAction","target":["https:\/\/terrasudadventures.com\/conditions-de-vente-et-annulations\/"]}]},{"@type":"BreadcrumbList","@id":"https:\/\/terrasudadventures.com\/conditions-de-vente-et-annulations\/#breadcrumb","itemListElement":[{"@type":"ListItem","position":1,"name":"Accueil","item":"https:\/\/terrasudadventures.com\/"},{"@type":"ListItem","position":2,"name":"Condiciones de venta y anulaci\u00f3n"}]},{"@type":"WebSite","@id":"https:\/\/terrasudadventures.com\/#website","url":"https:\/\/terrasudadventures.com\/","name":"Terra sud Adventures","description":"","publisher":{"@id":"https:\/\/terrasudadventures.com\/#organization"},"potentialAction":[{"@type":"SearchAction","target":{"@type":"EntryPoint","urlTemplate":"https:\/\/terrasudadventures.com\/?s={search_term_string}"},"query-input":{"@type":"PropertyValueSpecification","valueRequired":true,"valueName":"search_term_string"}}],"inLanguage":"es"},{"@type":"Organization","@id":"https:\/\/terrasudadventures.com\/#organization","name":"Terra sud Adventures","url":"https:\/\/terrasudadventures.com\/","logo":{"@type":"ImageObject","inLanguage":"es","@id":"https:\/\/terrasudadventures.com\/#\/schema\/logo\/image\/","url":"https:\/\/www.terrasudadventures.com\/wp-content\/uploads\/2024\/03\/logo-white.png","contentUrl":"https:\/\/www.terrasudadventures.com\/wp-content\/uploads\/2024\/03\/logo-white.png","width":150,"height":47,"caption":"Terra sud Adventures"},"image":{"@id":"https:\/\/terrasudadventures.com\/#\/schema\/logo\/image\/"},"sameAs":["https:\/\/www.facebook.com\/terrasudadventure\/?locale=fr_FR","https:\/\/www.instagram.com\/terresdaventure\/"]}]}},"_links":{"self":[{"href":"https:\/\/terrasudadventures.com\/es\/wp-json\/wp\/v2\/pages\/8228","targetHints":{"allow":["GET"]}}],"collection":[{"href":"https:\/\/terrasudadventures.com\/es\/wp-json\/wp\/v2\/pages"}],"about":[{"href":"https:\/\/terrasudadventures.com\/es\/wp-json\/wp\/v2\/types\/page"}],"author":[{"embeddable":true,"href":"https:\/\/terrasudadventures.com\/es\/wp-json\/wp\/v2\/users\/1"}],"replies":[{"embeddable":true,"href":"https:\/\/terrasudadventures.com\/es\/wp-json\/wp\/v2\/comments?post=8228"}],"version-history":[{"count":7,"href":"https:\/\/terrasudadventures.com\/es\/wp-json\/wp\/v2\/pages\/8228\/revisions"}],"predecessor-version":[{"id":8236,"href":"https:\/\/terrasudadventures.com\/es\/wp-json\/wp\/v2\/pages\/8228\/revisions\/8236"}],"wp:attachment":[{"href":"https:\/\/terrasudadventures.com\/es\/wp-json\/wp\/v2\/media?parent=8228"}],"curies":[{"name":"wp","href":"https:\/\/api.w.org\/{rel}","templated":true}]}}